{"id":2055,"date":"2025-08-15T23:18:43","date_gmt":"2025-08-15T23:18:43","guid":{"rendered":"https:\/\/restaurantemardeoro.com\/?page_id=2055"},"modified":"2025-12-09T22:30:47","modified_gmt":"2025-12-09T22:30:47","slug":"politica-de-privacidad","status":"publish","type":"page","link":"https:\/\/restaurantemardeoro.com\/en\/politica-de-privacidad\/","title":{"rendered":"Privacy Policy"},"content":{"rendered":"<div data-elementor-type=\"wp-page\" data-elementor-id=\"2055\" class=\"elementor elementor-2055\">\n\t\t\t\t<div class=\"elementor-element elementor-element-7c2dda66 e-flex e-con-boxed e-con e-parent\" data-id=\"7c2dda66\" data-element_type=\"container\" data-e-type=\"container\">\n\t\t\t\t\t<div class=\"e-con-inner\">\n\t\t\t\t<div class=\"elementor-element elementor-element-5b9dfd3 elementor-widget elementor-widget-text-editor\" data-id=\"5b9dfd3\" data-element_type=\"widget\" data-e-type=\"widget\" data-widget_type=\"text-editor.default\">\n\t\t\t\t\t\t\t\t\t<h1 class=\"wp-block-heading\"><img decoding=\"async\" class=\"emoji\" role=\"img\" draggable=\"false\" src=\"Privacy Policy\" alt=\"\ud83d\udcd1\" title=\"Privacy Policy\"> \ud83d\udcd1 Privacy Policy \u2013 Restaurant Mar de Oro<\/h1>\n<p><!-- \/wp:heading --><!-- wp:paragraph --><\/p>\n<p>In compliance with the provisions of Regulation (EU) 2016\/679 of the European Parliament and of the Council (GDPR), and Organic Law 3\/2018 on the Protection of Personal Data and guarantee of digital rights (LOPDGDD), we inform users of this website of the following:<\/p>\n<p><!-- \/wp:paragraph --><!-- wp:paragraph --><\/p>\n<p><strong>1. Personal data we process<\/strong><br \/>In this web-site <strong>does not collect personal data through forms or registration systems<\/strong>. Contact with Restaurante Mar de Oro is carried out exclusively by telephone call or email.<\/p>\n<p><!-- \/wp:paragraph --><!-- wp:paragraph --><\/p>\n<p><strong>2. Purpose of processing<\/strong><br \/>Any data voluntarily provided by a user through a call or email will be used solely to respond to their inquiry or manage the requested reservation, without being incorporated into any database for commercial purposes.<\/p>\n<p><!-- \/wp:paragraph --><!-- wp:paragraph --><\/p>\n<p><strong>3. Data retention<\/strong><br \/>The data provided will be processed only for the time necessary to respond to the inquiry and will not be kept beyond that purpose.<\/p>\n<p><!-- \/wp:paragraph --><!-- wp:paragraph --><\/p>\n<p><strong>4. Recipients<\/strong><br \/>Data will not be transferred to third parties, except when required by law.<\/p>\n<p><!-- \/wp:paragraph --><!-- wp:paragraph --><\/p>\n<p><strong>5. User rights<\/strong><br \/>Users may exercise their rights of access, rectification, erasure, objection, restriction, and portability of data by contacting:<\/p>\n<p><!-- \/wp:paragraph --><!-- wp:list --><\/p>\n<ul class=\"wp-block-list\">\n<li style=\"list-style-type: none;\">\n<ul class=\"wp-block-list\"><!-- wp:list-item --><\/ul>\n<\/li>\n<\/ul>\n<p>\u00a0<\/p>\n<ul class=\"wp-block-list\">\n<li style=\"list-style-type: none;\">\n<ul class=\"wp-block-list\">\n<li><strong>Send email to:<\/strong> <a>restaurantmardeoro@gmail.com<\/a><\/li>\n<\/ul>\n<\/li>\n<\/ul>\n<p><!-- \/wp:list-item --><!-- wp:list-item --><\/p>\n<ul class=\"wp-block-list\">\n<li style=\"list-style-type: none;\">\n<ul class=\"wp-block-list\">\n<li><strong>Phone:<\/strong> 961 72 29 41<\/li>\n<\/ul>\n<\/li>\n<\/ul>\n<p><!-- \/wp:list-item --><!-- wp:list-item --><\/p>\n<ul class=\"wp-block-list\">\n<li style=\"list-style-type: none;\">\n<ul class=\"wp-block-list\">\n<li><strong>Postal address:<\/strong> Av. Alacant, 8, 46600 Cullera, Valence (Spain)<\/li>\n<\/ul>\n<\/li>\n<\/ul>\n<p><!-- \/wp:list-item --><\/p>\n<p><!-- \/wp:list --><!-- wp:paragraph --><\/p>\n<p><strong>6. Supervisory authority<\/strong><br \/>If you believe your rights have been violated, you may file a complaint with the <strong>Spanish Data Protection Agency (AEPD).<\/strong>.<\/p>\n<p><!-- \/wp:paragraph --><!-- wp:separator --><\/p>\n<hr class=\"wp-block-separator has-alpha-channel-opacity\" \/>\n<p><!-- \/wp:separator --><\/p>\t\t\t\t\t\t\t\t<\/div>\n\t\t\t\t\t<\/div>\n\t\t\t\t<\/div>\n\t\t\t\t<\/div>","protected":false},"excerpt":{"rendered":"<p>Pol\u00edtica de Privacidad \u2013 Restaurante Mar de Oro En cumplimiento de lo dispuesto en el Reglamento (UE) 2016\/679 del Parlamento Europeo y del Consejo (RGPD), y la Ley Org\u00e1nica 3\/2018 de Protecci\u00f3n de Datos Personales y garant\u00eda de los derechos digitales (LOPDGDD), informamos a los usuarios de este sitio web de lo siguiente: 1. Datos [&hellip;]<\/p>\n","protected":false},"author":1,"featured_media":0,"parent":0,"menu_order":0,"comment_status":"closed","ping_status":"closed","template":"","meta":{"_uag_custom_page_level_css":"","site-sidebar-layout":"default","site-content-layout":"","ast-site-content-layout":"default","site-content-style":"default","site-sidebar-style":"default","ast-global-header-display":"","ast-banner-title-visibility":"","ast-main-header-display":"","ast-hfb-above-header-display":"","ast-hfb-below-header-display":"","ast-hfb-mobile-header-display":"","site-post-title":"","ast-breadcrumbs-content":"","ast-featured-img":"","footer-sml-layout":"","ast-disable-related-posts":"","theme-transparent-header-meta":"","adv-header-id-meta":"","stick-header-meta":"","header-above-stick-meta":"","header-main-stick-meta":"","header-below-stick-meta":"","astra-migrate-meta-layouts":"set","ast-page-background-enabled":"default","ast-page-background-meta":{"desktop":{"background-color":"var(--ast-global-color-4)","background-image":"","background-repeat":"repeat","background-position":"center center","background-size":"auto","background-attachment":"scroll","background-type":"","background-media":"","overlay-type":"","overlay-color":"","overlay-opacity":"","overlay-gradient":""},"tablet":{"background-color":"","background-image":"","background-repeat":"repeat","background-position":"center center","background-size":"auto","background-attachment":"scroll","background-type":"","background-media":"","overlay-type":"","overlay-color":"","overlay-opacity":"","overlay-gradient":""},"mobile":{"background-color":"","background-image":"","background-repeat":"repeat","background-position":"center center","background-size":"auto","background-attachment":"scroll","background-type":"","background-media":"","overlay-type":"","overlay-color":"","overlay-opacity":"","overlay-gradient":""}},"ast-content-background-meta":{"desktop":{"background-color":"var(--ast-global-color-5)","background-image":"","background-repeat":"repeat","background-position":"center center","background-size":"auto","background-attachment":"scroll","background-type":"","background-media":"","overlay-type":"","overlay-color":"","overlay-opacity":"","overlay-gradient":""},"tablet":{"background-color":"var(--ast-global-color-5)","background-image":"","background-repeat":"repeat","background-position":"center center","background-size":"auto","background-attachment":"scroll","background-type":"","background-media":"","overlay-type":"","overlay-color":"","overlay-opacity":"","overlay-gradient":""},"mobile":{"background-color":"var(--ast-global-color-5)","background-image":"","background-repeat":"repeat","background-position":"center center","background-size":"auto","background-attachment":"scroll","background-type":"","background-media":"","overlay-type":"","overlay-color":"","overlay-opacity":"","overlay-gradient":""}},"footnotes":""},"class_list":["post-2055","page","type-page","status-publish","hentry"],"spectra_custom_meta":{"surerank_seo_checks":["a:14:{s:14:\"h2_subheadings\";a:3:{s:6:\"status\";s:7:\"warning\";s:7:\"message\";s:42:\"La p\u00e1gina no contiene ning\u00fan subt\u00edtulo.\";s:4:\"type\";s:4:\"page\";}s:13:\"media_present\";a:3:{s:6:\"status\";s:7:\"success\";s:7:\"message\";s:66:\"Esta p\u00e1gina incluye im\u00e1genes o videos para mejorar el contenido.\";s:4:\"type\";s:4:\"page\";}s:13:\"links_present\";a:3:{s:6:\"status\";s:7:\"warning\";s:7:\"message\";s:40:\"No se encontraron enlaces en la p\u00e1gina.\";s:4:\"type\";s:4:\"page\";}s:10:\"url_length\";a:3:{s:6:\"status\";s:7:\"success\";s:7:\"message\";s:50:\"La URL de la p\u00e1gina es corta y amigable para SEO.\";s:4:\"type\";s:4:\"page\";}s:19:\"search_engine_title\";a:3:{s:6:\"status\";s:7:\"success\";s:7:\"message\";s:80:\"El t\u00edtulo del motor de b\u00fasqueda est\u00e1 presente y tiene menos de 60 caracteres.\";s:4:\"type\";s:4:\"page\";}s:25:\"search_engine_description\";a:3:{s:6:\"status\";s:7:\"success\";s:7:\"message\";s:86:\"La descripci\u00f3n del motor de b\u00fasqueda est\u00e1 presente y tiene menos de 160 caracteres.\";s:4:\"type\";s:4:\"page\";}s:13:\"canonical_url\";a:3:{s:6:\"status\";s:7:\"success\";s:7:\"message\";s:51:\"La etiqueta can\u00f3nica est\u00e1 presente en la p\u00e1gina.\";s:4:\"type\";s:4:\"page\";}s:15:\"open_graph_tags\";a:3:{s:6:\"status\";s:7:\"success\";s:7:\"message\";s:56:\"Las etiquetas Open Graph est\u00e1n presentes en la p\u00e1gina.\";s:4:\"type\";s:4:\"page\";}s:12:\"broken_links\";a:2:{s:6:\"status\";s:7:\"success\";s:7:\"message\";s:46:\"No se encontraron enlaces rotos en la p\u00e1gina.\";}s:16:\"keyword_in_title\";a:3:{s:6:\"status\";s:10:\"suggestion\";s:7:\"message\";s:75:\"No se ha establecido una palabra clave de enfoque para analizar el t\u00edtulo.\";s:4:\"type\";s:7:\"keyword\";}s:22:\"keyword_in_description\";a:3:{s:6:\"status\";s:10:\"suggestion\";s:7:\"message\";s:85:\"No se ha establecido una palabra clave de enfoque para analizar la meta descripci\u00f3n.\";s:4:\"type\";s:7:\"keyword\";}s:14:\"keyword_in_url\";a:3:{s:6:\"status\";s:10:\"suggestion\";s:7:\"message\";s:71:\"No se ha establecido una palabra clave de enfoque para analizar la URL.\";s:4:\"type\";s:7:\"keyword\";}s:18:\"keyword_in_content\";a:3:{s:6:\"status\";s:10:\"suggestion\";s:7:\"message\";s:77:\"No se ha establecido una palabra clave de enfoque para analizar el contenido.\";s:4:\"type\";s:7:\"keyword\";}s:14:\"image_alt_text\";a:5:{s:6:\"status\";s:7:\"success\";s:11:\"description\";a:1:{i:0;s:79:\"Las im\u00e1genes en la publicaci\u00f3n\/p\u00e1gina tienen atributos de texto alternativo.\";}s:7:\"message\";s:74:\"Todas las im\u00e1genes en esta p\u00e1gina tienen atributos de texto alternativo.\";s:11:\"show_images\";b:0;s:4:\"type\";s:4:\"page\";}}"],"surerank_seo_checks_last_updated":["1765319447"],"_edit_lock":["1765319315:1"],"_uag_custom_page_level_css":[""],"site-sidebar-layout":["default"],"site-content-layout":[""],"ast-site-content-layout":["default"],"site-content-style":["default"],"site-sidebar-style":["default"],"ast-global-header-display":[""],"ast-banner-title-visibility":[""],"ast-main-header-display":[""],"ast-hfb-above-header-display":[""],"ast-hfb-below-header-display":[""],"ast-hfb-mobile-header-display":[""],"site-post-title":[""],"ast-breadcrumbs-content":[""],"ast-featured-img":[""],"footer-sml-layout":[""],"theme-transparent-header-meta":[""],"adv-header-id-meta":[""],"stick-header-meta":[""],"header-above-stick-meta":[""],"header-main-stick-meta":[""],"header-below-stick-meta":[""],"astra-migrate-meta-layouts":["set"],"ast-page-background-enabled":["default"],"ast-page-background-meta":["a:3:{s:7:\"desktop\";a:12:{s:16:\"background-color\";s:25:\"var(--ast-global-color-4)\";s:16:\"background-image\";s:0:\"\";s:17:\"background-repeat\";s:6:\"repeat\";s:19:\"background-position\";s:13:\"center center\";s:15:\"background-size\";s:4:\"auto\";s:21:\"background-attachment\";s:6:\"scroll\";s:15:\"background-type\";s:0:\"\";s:16:\"background-media\";s:0:\"\";s:12:\"overlay-type\";s:0:\"\";s:13:\"overlay-color\";s:0:\"\";s:15:\"overlay-opacity\";s:0:\"\";s:16:\"overlay-gradient\";s:0:\"\";}s:6:\"tablet\";a:12:{s:16:\"background-color\";s:0:\"\";s:16:\"background-image\";s:0:\"\";s:17:\"background-repeat\";s:6:\"repeat\";s:19:\"background-position\";s:13:\"center center\";s:15:\"background-size\";s:4:\"auto\";s:21:\"background-attachment\";s:6:\"scroll\";s:15:\"background-type\";s:0:\"\";s:16:\"background-media\";s:0:\"\";s:12:\"overlay-type\";s:0:\"\";s:13:\"overlay-color\";s:0:\"\";s:15:\"overlay-opacity\";s:0:\"\";s:16:\"overlay-gradient\";s:0:\"\";}s:6:\"mobile\";a:12:{s:16:\"background-color\";s:0:\"\";s:16:\"background-image\";s:0:\"\";s:17:\"background-repeat\";s:6:\"repeat\";s:19:\"background-position\";s:13:\"center center\";s:15:\"background-size\";s:4:\"auto\";s:21:\"background-attachment\";s:6:\"scroll\";s:15:\"background-type\";s:0:\"\";s:16:\"background-media\";s:0:\"\";s:12:\"overlay-type\";s:0:\"\";s:13:\"overlay-color\";s:0:\"\";s:15:\"overlay-opacity\";s:0:\"\";s:16:\"overlay-gradient\";s:0:\"\";}}"],"ast-content-background-meta":["a:3:{s:7:\"desktop\";a:12:{s:16:\"background-color\";s:25:\"var(--ast-global-color-5)\";s:16:\"background-image\";s:0:\"\";s:17:\"background-repeat\";s:6:\"repeat\";s:19:\"background-position\";s:13:\"center center\";s:15:\"background-size\";s:4:\"auto\";s:21:\"background-attachment\";s:6:\"scroll\";s:15:\"background-type\";s:0:\"\";s:16:\"background-media\";s:0:\"\";s:12:\"overlay-type\";s:0:\"\";s:13:\"overlay-color\";s:0:\"\";s:15:\"overlay-opacity\";s:0:\"\";s:16:\"overlay-gradient\";s:0:\"\";}s:6:\"tablet\";a:12:{s:16:\"background-color\";s:25:\"var(--ast-global-color-5)\";s:16:\"background-image\";s:0:\"\";s:17:\"background-repeat\";s:6:\"repeat\";s:19:\"background-position\";s:13:\"center center\";s:15:\"background-size\";s:4:\"auto\";s:21:\"background-attachment\";s:6:\"scroll\";s:15:\"background-type\";s:0:\"\";s:16:\"background-media\";s:0:\"\";s:12:\"overlay-type\";s:0:\"\";s:13:\"overlay-color\";s:0:\"\";s:15:\"overlay-opacity\";s:0:\"\";s:16:\"overlay-gradient\";s:0:\"\";}s:6:\"mobile\";a:12:{s:16:\"background-color\";s:25:\"var(--ast-global-color-5)\";s:16:\"background-image\";s:0:\"\";s:17:\"background-repeat\";s:6:\"repeat\";s:19:\"background-position\";s:13:\"center center\";s:15:\"background-size\";s:4:\"auto\";s:21:\"background-attachment\";s:6:\"scroll\";s:15:\"background-type\";s:0:\"\";s:16:\"background-media\";s:0:\"\";s:12:\"overlay-type\";s:0:\"\";s:13:\"overlay-color\";s:0:\"\";s:15:\"overlay-opacity\";s:0:\"\";s:16:\"overlay-gradient\";s:0:\"\";}}"],"footnotes":[""],"_elementor_template_type":["wp-page"],"_elementor_data":["[{\"id\":\"7c2dda66\",\"elType\":\"container\",\"settings\":[],\"elements\":[{\"id\":\"5b9dfd3\",\"elType\":\"widget\",\"settings\":{\"editor\":\"<h1 class=\\\"wp-block-heading\\\"><img class=\\\"emoji\\\" role=\\\"img\\\" draggable=\\\"false\\\" src=\\\"https:\\\/\\\/s.w.org\\\/images\\\/core\\\/emoji\\\/16.0.1\\\/svg\\\/1f4d1.svg\\\" alt=\\\"\\ud83d\\udcd1\\\" \\\/> Pol\\u00edtica de Privacidad \\u2013 Restaurante Mar de Oro<\\\/h1>\\n<p><!-- \\\/wp:heading --><!-- wp:paragraph --><\\\/p>\\n<p>En cumplimiento de lo dispuesto en el Reglamento (UE) 2016\\\/679 del Parlamento Europeo y del Consejo (RGPD), y la Ley Org\\u00e1nica 3\\\/2018 de Protecci\\u00f3n de Datos Personales y garant\\u00eda de los derechos digitales (LOPDGDD), informamos a los usuarios de este sitio web de lo siguiente:<\\\/p>\\n<p><!-- \\\/wp:paragraph --><!-- wp:paragraph --><\\\/p>\\n<p><strong>1. Datos personales que tratamos<\\\/strong><br \\\/>Este sitio web <strong>no recopila datos personales a trav\\u00e9s de formularios ni sistemas de registro<\\\/strong>. El contacto con el Restaurante Mar de Oro se realiza exclusivamente mediante llamada telef\\u00f3nica o correo electr\\u00f3nico.<\\\/p>\\n<p><!-- \\\/wp:paragraph --><!-- wp:paragraph --><\\\/p>\\n<p><strong>2. Finalidad del tratamiento<\\\/strong><br \\\/>Los datos que un usuario pueda facilitarnos voluntariamente a trav\\u00e9s de llamada o correo electr\\u00f3nico ser\\u00e1n usados \\u00fanicamente para responder a su consulta o gestionar la reserva solicitada, sin ser incorporados a ninguna base de datos con fines comerciales.<\\\/p>\\n<p><!-- \\\/wp:paragraph --><!-- wp:paragraph --><\\\/p>\\n<p><strong>3. Conservaci\\u00f3n de los datos<\\\/strong><br \\\/>Los datos facilitados se tratar\\u00e1n \\u00fanicamente durante el tiempo necesario para responder a la consulta y no se conservar\\u00e1n m\\u00e1s all\\u00e1 de ese fin.<\\\/p>\\n<p><!-- \\\/wp:paragraph --><!-- wp:paragraph --><\\\/p>\\n<p><strong>4. Destinatarios<\\\/strong><br \\\/>No se ceder\\u00e1n datos a terceros, salvo obligaci\\u00f3n legal.<\\\/p>\\n<p><!-- \\\/wp:paragraph --><!-- wp:paragraph --><\\\/p>\\n<p><strong>5. Derechos del usuario<\\\/strong><br \\\/>El usuario puede ejercer sus derechos de acceso, rectificaci\\u00f3n, supresi\\u00f3n, oposici\\u00f3n, limitaci\\u00f3n y portabilidad de los datos contactando a:<\\\/p>\\n<p><!-- \\\/wp:paragraph --><!-- wp:list --><\\\/p>\\n<ul class=\\\"wp-block-list\\\">\\n<li style=\\\"list-style-type: none;\\\">\\n<ul class=\\\"wp-block-list\\\"><!-- wp:list-item --><\\\/ul>\\n<\\\/li>\\n<\\\/ul>\\n<p>\\u00a0<\\\/p>\\n<ul class=\\\"wp-block-list\\\">\\n<li style=\\\"list-style-type: none;\\\">\\n<ul class=\\\"wp-block-list\\\">\\n<li><strong>Correo electr\\u00f3nico:<\\\/strong> <a>restaurantmardeoro@gmail.com<\\\/a><\\\/li>\\n<\\\/ul>\\n<\\\/li>\\n<\\\/ul>\\n<p><!-- \\\/wp:list-item --><!-- wp:list-item --><\\\/p>\\n<ul class=\\\"wp-block-list\\\">\\n<li style=\\\"list-style-type: none;\\\">\\n<ul class=\\\"wp-block-list\\\">\\n<li><strong>Tel\\u00e9fono:<\\\/strong> 961 72 29 41<\\\/li>\\n<\\\/ul>\\n<\\\/li>\\n<\\\/ul>\\n<p><!-- \\\/wp:list-item --><!-- wp:list-item --><\\\/p>\\n<ul class=\\\"wp-block-list\\\">\\n<li style=\\\"list-style-type: none;\\\">\\n<ul class=\\\"wp-block-list\\\">\\n<li><strong>Direcci\\u00f3n postal:<\\\/strong> Av. Alacant, 8, 46600 Cullera, Valencia<\\\/li>\\n<\\\/ul>\\n<\\\/li>\\n<\\\/ul>\\n<p><!-- \\\/wp:list-item --><\\\/p>\\n<p><!-- \\\/wp:list --><!-- wp:paragraph --><\\\/p>\\n<p><strong>6. Autoridad de control<\\\/strong><br \\\/>Si considera que sus derechos han sido vulnerados, el usuario puede presentar una reclamaci\\u00f3n ante la <strong>Agencia Espa\\u00f1ola de Protecci\\u00f3n de Datos (AEPD)<\\\/strong>.<\\\/p>\\n<p><!-- \\\/wp:paragraph --><!-- wp:separator --><\\\/p>\\n<hr class=\\\"wp-block-separator has-alpha-channel-opacity\\\" \\\/>\\n<p><!-- \\\/wp:separator --><\\\/p>\"},\"elements\":[],\"widgetType\":\"text-editor\"}],\"isInner\":false}]"],"_edit_last":["1"],"cmplz_hide_cookiebanner":[""],"surerank_settings_general":["a:2:{s:10:\"page_title\";s:59:\"Pol\u00edtica de Privacidad | Restaurante Mar de Oro en Cullera\";s:16:\"page_description\";s:161:\"Consulta la pol\u00edtica de privacidad de Mar de Oro en Cullera. Informaci\u00f3n sobre protecci\u00f3n de datos, uso responsable de la informaci\u00f3n y derechos del usuario.\";}"],"_cmplz_scanned_post":["1"],"_elementor_version":["3.32.5"],"surerank_settings_social":["a:4:{s:14:\"facebook_title\";s:48:\"Pol\u00edtica de Privacidad | Restaurante Mar de Oro\";s:20:\"facebook_description\";s:157:\"Accede a la pol\u00edtica de privacidad de Mar de Oro para conocer c\u00f3mo protegemos tus datos, el uso responsable de la informaci\u00f3n y tus derechos como usuario.\";s:18:\"facebook_image_url\";s:105:\"https:\/\/restaurantemardeoro.com\/wp-content\/uploads\/2025\/12\/politica-privacidad-restaurante-mar-de-oro.png\";s:17:\"facebook_image_id\";i:2348;}"],"_elementor_edit_mode":["builder"],"_wp_page_template":["default"],"_elementor_page_settings":[""],"_uag_css_file_name":["uag-css-2055.css"],"_elementor_controls_usage":["a:2:{s:11:\"text-editor\";a:3:{s:5:\"count\";i:1;s:15:\"control_percent\";i:1;s:8:\"controls\";a:1:{s:7:\"content\";a:1:{s:14:\"section_editor\";a:1:{s:6:\"editor\";i:1;}}}}s:9:\"container\";a:3:{s:5:\"count\";i:1;s:15:\"control_percent\";i:0;s:8:\"controls\";a:0:{}}}"],"_uag_page_assets":["a:9:{s:3:\"css\";s:263:\".uag-blocks-common-selector{z-index:var(--z-index-desktop) !important}@media (max-width: 976px){.uag-blocks-common-selector{z-index:var(--z-index-tablet) !important}}@media (max-width: 767px){.uag-blocks-common-selector{z-index:var(--z-index-mobile) !important}}\n\";s:2:\"js\";s:0:\"\";s:18:\"current_block_list\";a:8:{i:0;s:11:\"core\/search\";i:1;s:10:\"core\/group\";i:2;s:12:\"core\/heading\";i:3;s:17:\"core\/latest-posts\";i:4;s:20:\"core\/latest-comments\";i:5;s:13:\"core\/archives\";i:6;s:15:\"core\/categories\";i:7;s:10:\"core\/image\";}s:8:\"uag_flag\";b:0;s:11:\"uag_version\";s:10:\"1774699595\";s:6:\"gfonts\";a:0:{}s:10:\"gfonts_url\";s:0:\"\";s:12:\"gfonts_files\";a:0:{}s:14:\"uag_faq_layout\";b:0;}"],"_elementor_page_assets":["a:1:{s:7:\"scripts\";a:1:{i:0;s:18:\"elementor-frontend\";}}"],"_elementor_css":["a:6:{s:4:\"time\";i:1777222701;s:5:\"fonts\";a:0:{}s:5:\"icons\";a:0:{}s:20:\"dynamic_elements_ids\";a:0:{}s:6:\"status\";s:4:\"file\";i:0;s:0:\"\";}"],"_elementor_element_cache":["{\"timeout\":1777309101,\"value\":{\"content\":\"<div class=\\\"elementor-element elementor-element-7c2dda66 e-flex e-con-boxed e-con e-parent\\\" data-id=\\\"7c2dda66\\\" data-element_type=\\\"container\\\" data-e-type=\\\"container\\\">\\n\\t\\t\\t\\t\\t<div class=\\\"e-con-inner\\\">\\n\\t\\t[elementor-element k=\\\"90f4b7681dced91387ee6fa15afc31d9\\\" data=\\\"eyJpZCI6IjViOWRmZDMiLCJlbFR5cGUiOiJ3aWRnZXQiLCJzZXR0aW5ncyI6eyJlZGl0b3IiOiI8aDEgY2xhc3M9XCJ3cC1ibG9jay1oZWFkaW5nXCI+PGltZyBjbGFzcz1cImVtb2ppXCIgcm9sZT1cImltZ1wiIGRyYWdnYWJsZT1cImZhbHNlXCIgc3JjPVwiaHR0cHM6XC9cL3Mudy5vcmdcL2ltYWdlc1wvY29yZVwvZW1vamlcLzE2LjAuMVwvc3ZnXC8xZjRkMS5zdmdcIiBhbHQ9XCJcdWQ4M2RcdWRjZDFcIiBcLz4gUG9sXHUwMGVkdGljYSBkZSBQcml2YWNpZGFkIFx1MjAxMyBSZXN0YXVyYW50ZSBNYXIgZGUgT3JvPFwvaDE+XG48cD48IS0tIFwvd3A6aGVhZGluZyAtLT48IS0tIHdwOnBhcmFncmFwaCAtLT48XC9wPlxuPHA+RW4gY3VtcGxpbWllbnRvIGRlIGxvIGRpc3B1ZXN0byBlbiBlbCBSZWdsYW1lbnRvIChVRSkgMjAxNlwvNjc5IGRlbCBQYXJsYW1lbnRvIEV1cm9wZW8geSBkZWwgQ29uc2VqbyAoUkdQRCksIHkgbGEgTGV5IE9yZ1x1MDBlMW5pY2EgM1wvMjAxOCBkZSBQcm90ZWNjaVx1MDBmM24gZGUgRGF0b3MgUGVyc29uYWxlcyB5IGdhcmFudFx1MDBlZGEgZGUgbG9zIGRlcmVjaG9zIGRpZ2l0YWxlcyAoTE9QREdERCksIGluZm9ybWFtb3MgYSBsb3MgdXN1YXJpb3MgZGUgZXN0ZSBzaXRpbyB3ZWIgZGUgbG8gc2lndWllbnRlOjxcL3A+XG48cD48IS0tIFwvd3A6cGFyYWdyYXBoIC0tPjwhLS0gd3A6cGFyYWdyYXBoIC0tPjxcL3A+XG48cD48c3Ryb25nPjEuIERhdG9zIHBlcnNvbmFsZXMgcXVlIHRyYXRhbW9zPFwvc3Ryb25nPjxiciBcLz5Fc3RlIHNpdGlvIHdlYiA8c3Ryb25nPm5vIHJlY29waWxhIGRhdG9zIHBlcnNvbmFsZXMgYSB0cmF2XHUwMGU5cyBkZSBmb3JtdWxhcmlvcyBuaSBzaXN0ZW1hcyBkZSByZWdpc3RybzxcL3N0cm9uZz4uIEVsIGNvbnRhY3RvIGNvbiBlbCBSZXN0YXVyYW50ZSBNYXIgZGUgT3JvIHNlIHJlYWxpemEgZXhjbHVzaXZhbWVudGUgbWVkaWFudGUgbGxhbWFkYSB0ZWxlZlx1MDBmM25pY2EgbyBjb3JyZW8gZWxlY3RyXHUwMGYzbmljby48XC9wPlxuPHA+PCEtLSBcL3dwOnBhcmFncmFwaCAtLT48IS0tIHdwOnBhcmFncmFwaCAtLT48XC9wPlxuPHA+PHN0cm9uZz4yLiBGaW5hbGlkYWQgZGVsIHRyYXRhbWllbnRvPFwvc3Ryb25nPjxiciBcLz5Mb3MgZGF0b3MgcXVlIHVuIHVzdWFyaW8gcHVlZGEgZmFjaWxpdGFybm9zIHZvbHVudGFyaWFtZW50ZSBhIHRyYXZcdTAwZTlzIGRlIGxsYW1hZGEgbyBjb3JyZW8gZWxlY3RyXHUwMGYzbmljbyBzZXJcdTAwZTFuIHVzYWRvcyBcdTAwZmFuaWNhbWVudGUgcGFyYSByZXNwb25kZXIgYSBzdSBjb25zdWx0YSBvIGdlc3Rpb25hciBsYSByZXNlcnZhIHNvbGljaXRhZGEsIHNpbiBzZXIgaW5jb3Jwb3JhZG9zIGEgbmluZ3VuYSBiYXNlIGRlIGRhdG9zIGNvbiBmaW5lcyBjb21lcmNpYWxlcy48XC9wPlxuPHA+PCEtLSBcL3dwOnBhcmFncmFwaCAtLT48IS0tIHdwOnBhcmFncmFwaCAtLT48XC9wPlxuPHA+PHN0cm9uZz4zLiBDb25zZXJ2YWNpXHUwMGYzbiBkZSBsb3MgZGF0b3M8XC9zdHJvbmc+PGJyIFwvPkxvcyBkYXRvcyBmYWNpbGl0YWRvcyBzZSB0cmF0YXJcdTAwZTFuIFx1MDBmYW5pY2FtZW50ZSBkdXJhbnRlIGVsIHRpZW1wbyBuZWNlc2FyaW8gcGFyYSByZXNwb25kZXIgYSBsYSBjb25zdWx0YSB5IG5vIHNlIGNvbnNlcnZhclx1MDBlMW4gbVx1MDBlMXMgYWxsXHUwMGUxIGRlIGVzZSBmaW4uPFwvcD5cbjxwPjwhLS0gXC93cDpwYXJhZ3JhcGggLS0+PCEtLSB3cDpwYXJhZ3JhcGggLS0+PFwvcD5cbjxwPjxzdHJvbmc+NC4gRGVzdGluYXRhcmlvczxcL3N0cm9uZz48YnIgXC8+Tm8gc2UgY2VkZXJcdTAwZTFuIGRhdG9zIGEgdGVyY2Vyb3MsIHNhbHZvIG9ibGlnYWNpXHUwMGYzbiBsZWdhbC48XC9wPlxuPHA+PCEtLSBcL3dwOnBhcmFncmFwaCAtLT48IS0tIHdwOnBhcmFncmFwaCAtLT48XC9wPlxuPHA+PHN0cm9uZz41LiBEZXJlY2hvcyBkZWwgdXN1YXJpbzxcL3N0cm9uZz48YnIgXC8+RWwgdXN1YXJpbyBwdWVkZSBlamVyY2VyIHN1cyBkZXJlY2hvcyBkZSBhY2Nlc28sIHJlY3RpZmljYWNpXHUwMGYzbiwgc3VwcmVzaVx1MDBmM24sIG9wb3NpY2lcdTAwZjNuLCBsaW1pdGFjaVx1MDBmM24geSBwb3J0YWJpbGlkYWQgZGUgbG9zIGRhdG9zIGNvbnRhY3RhbmRvIGE6PFwvcD5cbjxwPjwhLS0gXC93cDpwYXJhZ3JhcGggLS0+PCEtLSB3cDpsaXN0IC0tPjxcL3A+XG48dWwgY2xhc3M9XCJ3cC1ibG9jay1saXN0XCI+XG48bGkgc3R5bGU9XCJsaXN0LXN0eWxlLXR5cGU6IG5vbmU7XCI+XG48dWwgY2xhc3M9XCJ3cC1ibG9jay1saXN0XCI+PCEtLSB3cDpsaXN0LWl0ZW0gLS0+PFwvdWw+XG48XC9saT5cbjxcL3VsPlxuPHA+XHUwMGEwPFwvcD5cbjx1bCBjbGFzcz1cIndwLWJsb2NrLWxpc3RcIj5cbjxsaSBzdHlsZT1cImxpc3Qtc3R5bGUtdHlwZTogbm9uZTtcIj5cbjx1bCBjbGFzcz1cIndwLWJsb2NrLWxpc3RcIj5cbjxsaT48c3Ryb25nPkNvcnJlbyBlbGVjdHJcdTAwZjNuaWNvOjxcL3N0cm9uZz4gPGE+cmVzdGF1cmFudG1hcmRlb3JvQGdtYWlsLmNvbTxcL2E+PFwvbGk+XG48XC91bD5cbjxcL2xpPlxuPFwvdWw+XG48cD48IS0tIFwvd3A6bGlzdC1pdGVtIC0tPjwhLS0gd3A6bGlzdC1pdGVtIC0tPjxcL3A+XG48dWwgY2xhc3M9XCJ3cC1ibG9jay1saXN0XCI+XG48bGkgc3R5bGU9XCJsaXN0LXN0eWxlLXR5cGU6IG5vbmU7XCI+XG48dWwgY2xhc3M9XCJ3cC1ibG9jay1saXN0XCI+XG48bGk+PHN0cm9uZz5UZWxcdTAwZTlmb25vOjxcL3N0cm9uZz4gOTYxIDcyIDI5IDQxPFwvbGk+XG48XC91bD5cbjxcL2xpPlxuPFwvdWw+XG48cD48IS0tIFwvd3A6bGlzdC1pdGVtIC0tPjwhLS0gd3A6bGlzdC1pdGVtIC0tPjxcL3A+XG48dWwgY2xhc3M9XCJ3cC1ibG9jay1saXN0XCI+XG48bGkgc3R5bGU9XCJsaXN0LXN0eWxlLXR5cGU6IG5vbmU7XCI+XG48dWwgY2xhc3M9XCJ3cC1ibG9jay1saXN0XCI+XG48bGk+PHN0cm9uZz5EaXJlY2NpXHUwMGYzbiBwb3N0YWw6PFwvc3Ryb25nPiBBdi4gQWxhY2FudCwgOCwgNDY2MDAgQ3VsbGVyYSwgVmFsZW5jaWE8XC9saT5cbjxcL3VsPlxuPFwvbGk+XG48XC91bD5cbjxwPjwhLS0gXC93cDpsaXN0LWl0ZW0gLS0+PFwvcD5cbjxwPjwhLS0gXC93cDpsaXN0IC0tPjwhLS0gd3A6cGFyYWdyYXBoIC0tPjxcL3A+XG48cD48c3Ryb25nPjYuIEF1dG9yaWRhZCBkZSBjb250cm9sPFwvc3Ryb25nPjxiciBcLz5TaSBjb25zaWRlcmEgcXVlIHN1cyBkZXJlY2hvcyBoYW4gc2lkbyB2dWxuZXJhZG9zLCBlbCB1c3VhcmlvIHB1ZWRlIHByZXNlbnRhciB1bmEgcmVjbGFtYWNpXHUwMGYzbiBhbnRlIGxhIDxzdHJvbmc+QWdlbmNpYSBFc3BhXHUwMGYxb2xhIGRlIFByb3RlY2NpXHUwMGYzbiBkZSBEYXRvcyAoQUVQRCk8XC9zdHJvbmc+LjxcL3A+XG48cD48IS0tIFwvd3A6cGFyYWdyYXBoIC0tPjwhLS0gd3A6c2VwYXJhdG9yIC0tPjxcL3A+XG48aHIgY2xhc3M9XCJ3cC1ibG9jay1zZXBhcmF0b3IgaGFzLWFscGhhLWNoYW5uZWwtb3BhY2l0eVwiIFwvPlxuPHA+PCEtLSBcL3dwOnNlcGFyYXRvciAtLT48XC9wPiJ9LCJlbGVtZW50cyI6W10sIndpZGdldFR5cGUiOiJ0ZXh0LWVkaXRvciJ9\\\"]\\t\\t\\t<\\\/div>\\n\\t\\t\\t\\t<\\\/div>\\n\\t\\t\",\"scripts\":[],\"styles\":[]}}"]},"uagb_featured_image_src":{"full":false,"thumbnail":false,"medium":false,"medium_large":false,"large":false,"1536x1536":false,"2048x2048":false,"trp-custom-language-flag":false},"uagb_author_info":{"display_name":"MarDeOroWeb","author_link":"https:\/\/restaurantemardeoro.com\/en\/author\/mardeoroweb\/"},"uagb_comment_info":0,"uagb_excerpt":"Pol\u00edtica de Privacidad \u2013 Restaurante Mar de Oro En cumplimiento de lo dispuesto en el Reglamento (UE) 2016\/679 del Parlamento Europeo y del Consejo (RGPD), y la Ley Org\u00e1nica 3\/2018 de Protecci\u00f3n de Datos Personales y garant\u00eda de los derechos digitales (LOPDGDD), informamos a los usuarios de este sitio web de lo siguiente: 1. Datos&hellip;","_links":{"self":[{"href":"https:\/\/restaurantemardeoro.com\/en\/wp-json\/wp\/v2\/pages\/2055","targetHints":{"allow":["GET"]}}],"collection":[{"href":"https:\/\/restaurantemardeoro.com\/en\/wp-json\/wp\/v2\/pages"}],"about":[{"href":"https:\/\/restaurantemardeoro.com\/en\/wp-json\/wp\/v2\/types\/page"}],"author":[{"embeddable":true,"href":"https:\/\/restaurantemardeoro.com\/en\/wp-json\/wp\/v2\/users\/1"}],"replies":[{"embeddable":true,"href":"https:\/\/restaurantemardeoro.com\/en\/wp-json\/wp\/v2\/comments?post=2055"}],"version-history":[{"count":7,"href":"https:\/\/restaurantemardeoro.com\/en\/wp-json\/wp\/v2\/pages\/2055\/revisions"}],"predecessor-version":[{"id":2374,"href":"https:\/\/restaurantemardeoro.com\/en\/wp-json\/wp\/v2\/pages\/2055\/revisions\/2374"}],"wp:attachment":[{"href":"https:\/\/restaurantemardeoro.com\/en\/wp-json\/wp\/v2\/media?parent=2055"}],"curies":[{"name":"wp","href":"https:\/\/api.w.org\/{rel}","templated":true}]}}